{"id":1540,"date":"2023-03-07T12:14:34","date_gmt":"2023-03-07T12:14:34","guid":{"rendered":"https:\/\/hotelmedistone.com\/galerija\/"},"modified":"2026-05-11T08:16:24","modified_gmt":"2026-05-11T08:16:24","slug":"galerija","status":"publish","type":"page","link":"https:\/\/hotelmedistone.com\/hr\/galerija\/","title":{"rendered":"Galerija"},"content":{"rendered":"\n<section class=\"wp-block-group main-banner\"><div class=\"wp-block-group__inner-container is-layout-constrained wp-block-group-is-layout-constrained\">\n<div class=\"wp-block-group main-banner__content\"><div class=\"wp-block-group__inner-container is-layout-constrained wp-block-group-is-layout-constrained\">\n<div class=\"wp-block-cover\"><img loading=\"lazy\" decoding=\"async\" width=\"1024\" height=\"410\" class=\"wp-block-cover__image-background wp-image-3787 size-large\" alt=\"\" src=\"https:\/\/hotelmedistone.com\/wp-content\/uploads\/2026\/05\/gallery-banner-1024x410.webp\" data-object-fit=\"cover\" srcset=\"https:\/\/hotelmedistone.com\/wp-content\/uploads\/2026\/05\/gallery-banner-1024x410.webp 1024w, https:\/\/hotelmedistone.com\/wp-content\/uploads\/2026\/05\/gallery-banner-300x120.webp 300w, https:\/\/hotelmedistone.com\/wp-content\/uploads\/2026\/05\/gallery-banner-768x307.webp 768w, https:\/\/hotelmedistone.com\/wp-content\/uploads\/2026\/05\/gallery-banner-1536x614.webp 1536w, https:\/\/hotelmedistone.com\/wp-content\/uploads\/2026\/05\/gallery-banner.webp 1920w\" sizes=\"auto, (max-width: 1024px) 100vw, 1024px\" \/><span aria-hidden=\"true\" class=\"wp-block-cover__background has-black-background-color has-background-dim\"><\/span><div class=\"wp-block-cover__inner-container is-layout-flow wp-block-cover-is-layout-flow\">\n<div class=\"wp-block-group cover-images wrapper-left\"><div class=\"wp-block-group__inner-container is-layout-constrained wp-block-group-is-layout-constrained\">\n<h1 class=\"wp-block-heading headline2 hotel-banner__title\">GALERIJA<\/h1>\n\n\n<div class=\"wp-block-image\">\n<figure class=\"aligncenter size-large\"><img loading=\"lazy\" decoding=\"async\" width=\"358\" height=\"33\" src=\"https:\/\/hotelmedistone.com\/wp-content\/uploads\/2023\/04\/around-descroption-2.svg\" alt=\"\" class=\"wp-image-1792\"\/><\/figure><\/div>\n\n\n<p class=\"body1 hotel-banner__description\">Znamo da je najbolji na\u010din da osjetite vibru hotela Medistone da do\u0111ete kod nas na odmor. Ipak, prije nego \u0161to nas posjetite molimo Vas da pogledate na\u0161e fotografije.<\/p>\n<\/div><\/div>\n<\/div><\/div>\n<\/div><\/div>\n\n\n\n<div class=\"wp-block-group main-banner__socials\"><div class=\"wp-block-group__inner-container is-layout-constrained wp-block-group-is-layout-constrained\">\n<div class=\"wp-block-group header-social-icons has-black-background-color has-background is-content-justification-center is-nowrap is-layout-flex wp-container-core-group-is-layout-94bc23d7 wp-block-group-is-layout-flex\">\n<figure class=\"wp-block-image size-full is-resized\"><a href=\"https:\/\/www.facebook.com\/HotelMedistone\" target=\"_blank\" rel=\"noreferrer noopener\"><img loading=\"lazy\" decoding=\"async\" width=\"24\" height=\"24\" src=\"https:\/\/hotelmedistone.com\/wp-content\/uploads\/2023\/04\/FacebookLogo-1.svg\" alt=\"\" class=\"wp-image-1718\" style=\"width:40px;height:40px\"\/><\/a><\/figure>\n\n\n\n<figure class=\"wp-block-image size-full is-resized\"><a href=\"https:\/\/www.instagram.com\/hotel.medistone\/\" target=\"_blank\" rel=\"noreferrer noopener\"><img loading=\"lazy\" decoding=\"async\" width=\"24\" height=\"24\" src=\"https:\/\/hotelmedistone.com\/wp-content\/uploads\/2023\/04\/InstagramLogo-1.svg\" alt=\"\" class=\"wp-image-1716\" style=\"width:40px;height:40px\"\/><\/a><\/figure>\n<\/div>\n<\/div><\/div>\n<\/div><\/section>\n\n\n\n<section class=\"wp-block-group gallery gallery-page\"><div class=\"wp-block-group__inner-container is-layout-constrained wp-block-group-is-layout-constrained\">\n<div class=\"wp-block-group\"><div class=\"wp-block-group__inner-container is-layout-constrained wp-block-group-is-layout-constrained\">\n<div class=\"wp-block-carousel-slider-slider\"><div class=\"carousel-slider-outer carousel-slider-outer-image-carousel carousel-slider-outer-1075\" style=\"--carousel-slider-nav-color:rgb(0,0,0);--carousel-slider-active-nav-color:rgb(219,139,90);--carousel-slider-arrow-size:48px;--carousel-slider-bullet-size:10px\">\n<div id=\"&#039;id-1075\" class=\"carousel-slider carousel-slider-1075 arrows-visibility-always dots-visibility-always arrows-outside dots-center dots-circle owl-carousel\" data-slide-type=\"image-carousel\" data-owl-settings='{\"nav\":true,\"dots\":true,\"slideBy\":1,\"stagePadding\":0,\"margin\":10,\"loop\":true,\"lazyLoad\":true,\"autoplay\":true,\"autoplayTimeout\":5000,\"autoplaySpeed\":500,\"autoplayHoverPause\":true,\"autoWidth\":false,\"responsive\":{\"300\":{\"items\":1},\"576\":{\"items\":2},\"768\":{\"items\":2},\"1024\":{\"items\":3},\"1280\":{\"items\":4},\"1536\":{\"items\":5}}}'>\n<div class=\"carousel-slider__item\">\n\t<a class=\"magnific-popup\" href=\"https:\/\/hotelmedistone.com\/wp-content\/uploads\/2023\/04\/gallery-img1.png\" data-width=\"676\" data-height=\"443\"><img class=\"owl-lazy\" data-src=\"https:\/\/hotelmedistone.com\/wp-content\/uploads\/2023\/04\/gallery-img1.png\" alt=\"\"><\/a><\/div>\n\n<div class=\"carousel-slider__item\">\n\t<a class=\"magnific-popup\" href=\"https:\/\/hotelmedistone.com\/wp-content\/uploads\/2023\/04\/gallery-img2.png\" data-width=\"676\" data-height=\"443\"><img class=\"owl-lazy\" data-src=\"https:\/\/hotelmedistone.com\/wp-content\/uploads\/2023\/04\/gallery-img2.png\" alt=\"\"><\/a><\/div>\n\n<div class=\"carousel-slider__item\">\n\t<a class=\"magnific-popup\" href=\"https:\/\/hotelmedistone.com\/wp-content\/uploads\/2023\/04\/gallery-img3.png\" data-width=\"676\" data-height=\"443\"><img class=\"owl-lazy\" data-src=\"https:\/\/hotelmedistone.com\/wp-content\/uploads\/2023\/04\/gallery-img3.png\" alt=\"\"><\/a><\/div>\n\n<div class=\"carousel-slider__item\">\n\t<a class=\"magnific-popup\" href=\"https:\/\/hotelmedistone.com\/wp-content\/uploads\/2023\/04\/gallery-img4.png\" data-width=\"676\" data-height=\"443\"><img class=\"owl-lazy\" data-src=\"https:\/\/hotelmedistone.com\/wp-content\/uploads\/2023\/04\/gallery-img4.png\" alt=\"\"><\/a><\/div>\n\n<div class=\"carousel-slider__item\">\n\t<a class=\"magnific-popup\" href=\"https:\/\/hotelmedistone.com\/wp-content\/uploads\/2023\/04\/gallery-img5.png\" data-width=\"676\" data-height=\"443\"><img class=\"owl-lazy\" data-src=\"https:\/\/hotelmedistone.com\/wp-content\/uploads\/2023\/04\/gallery-img5.png\" alt=\"\"><\/a><\/div>\n\n<div class=\"carousel-slider__item\">\n\t<a class=\"magnific-popup\" href=\"https:\/\/hotelmedistone.com\/wp-content\/uploads\/2023\/04\/gallery-img6.png\" data-width=\"676\" data-height=\"443\"><img class=\"owl-lazy\" data-src=\"https:\/\/hotelmedistone.com\/wp-content\/uploads\/2023\/04\/gallery-img6.png\" alt=\"\"><\/a><\/div>\n\n<\/div><!-- .carousel-slider-1075 -->\n<\/div><!-- .carousel-slider-outer-1075 -->\n<\/div>\n<\/div><\/div>\n<\/div><\/section>\n","protected":false},"excerpt":{"rendered":"","protected":false},"author":1,"featured_media":0,"parent":0,"menu_order":0,"comment_status":"closed","ping_status":"closed","template":"","meta":{"_acf_changed":false,"inline_featured_image":false,"footnotes":""},"class_list":["post-1540","page","type-page","status-publish","hentry"],"acf":[],"yoast_head":"<!-- This site is optimized with the Yoast SEO plugin v25.2 - https:\/\/yoast.com\/wordpress\/plugins\/seo\/ -->\n<title>Galerija - Medistone<\/title>\n<meta name=\"robots\" content=\"index, follow, max-snippet:-1, max-image-preview:large, max-video-preview:-1\" \/>\n<link rel=\"canonical\" href=\"https:\/\/hotelmedistone.com\/hr\/galerija\/\" \/>\n<meta property=\"og:locale\" content=\"hr_HR\" \/>\n<meta property=\"og:type\" content=\"article\" \/>\n<meta property=\"og:title\" content=\"Galerija - Medistone\" \/>\n<meta property=\"og:url\" content=\"https:\/\/hotelmedistone.com\/hr\/galerija\/\" \/>\n<meta property=\"og:site_name\" content=\"Medistone\" \/>\n<meta property=\"article:publisher\" content=\"https:\/\/www.facebook.com\/HotelMedistone\" \/>\n<meta property=\"article:modified_time\" content=\"2026-05-11T08:16:24+00:00\" \/>\n<meta property=\"og:image\" content=\"https:\/\/hotelmedistone.com\/wp-content\/uploads\/2026\/05\/gallery-banner.webp\" \/>\n\t<meta property=\"og:image:width\" content=\"1920\" \/>\n\t<meta property=\"og:image:height\" content=\"768\" \/>\n\t<meta property=\"og:image:type\" content=\"image\/webp\" \/>\n<meta name=\"twitter:card\" content=\"summary_large_image\" \/>\n<meta name=\"twitter:label1\" content=\"Procijenjeno vrijeme \u010ditanja\" \/>\n\t<meta name=\"twitter:data1\" content=\"1 minuta\" \/>\n<script type=\"application\/ld+json\" class=\"yoast-schema-graph\">{\"@context\":\"https:\/\/schema.org\",\"@graph\":[{\"@type\":\"WebPage\",\"@id\":\"https:\/\/hotelmedistone.com\/hr\/galerija\/\",\"url\":\"https:\/\/hotelmedistone.com\/hr\/galerija\/\",\"name\":\"Galerija - Medistone\",\"isPartOf\":{\"@id\":\"https:\/\/hotelmedistone.com\/hr\/#website\"},\"primaryImageOfPage\":{\"@id\":\"https:\/\/hotelmedistone.com\/hr\/galerija\/#primaryimage\"},\"image\":{\"@id\":\"https:\/\/hotelmedistone.com\/hr\/galerija\/#primaryimage\"},\"thumbnailUrl\":\"https:\/\/hotelmedistone.com\/wp-content\/uploads\/2026\/05\/gallery-banner-1024x410.webp\",\"datePublished\":\"2023-03-07T12:14:34+00:00\",\"dateModified\":\"2026-05-11T08:16:24+00:00\",\"breadcrumb\":{\"@id\":\"https:\/\/hotelmedistone.com\/hr\/galerija\/#breadcrumb\"},\"inLanguage\":\"hr\",\"potentialAction\":[{\"@type\":\"ReadAction\",\"target\":[\"https:\/\/hotelmedistone.com\/hr\/galerija\/\"]}]},{\"@type\":\"ImageObject\",\"inLanguage\":\"hr\",\"@id\":\"https:\/\/hotelmedistone.com\/hr\/galerija\/#primaryimage\",\"url\":\"https:\/\/hotelmedistone.com\/wp-content\/uploads\/2026\/05\/gallery-banner-1024x410.webp\",\"contentUrl\":\"https:\/\/hotelmedistone.com\/wp-content\/uploads\/2026\/05\/gallery-banner-1024x410.webp\"},{\"@type\":\"BreadcrumbList\",\"@id\":\"https:\/\/hotelmedistone.com\/hr\/galerija\/#breadcrumb\",\"itemListElement\":[{\"@type\":\"ListItem\",\"position\":1,\"name\":\"Home\",\"item\":\"https:\/\/hotelmedistone.com\/hr\/\"},{\"@type\":\"ListItem\",\"position\":2,\"name\":\"Galerija\"}]},{\"@type\":\"WebSite\",\"@id\":\"https:\/\/hotelmedistone.com\/hr\/#website\",\"url\":\"https:\/\/hotelmedistone.com\/hr\/\",\"name\":\"Medistone\",\"description\":\"\",\"publisher\":{\"@id\":\"https:\/\/hotelmedistone.com\/hr\/#organization\"},\"potentialAction\":[{\"@type\":\"SearchAction\",\"target\":{\"@type\":\"EntryPoint\",\"urlTemplate\":\"https:\/\/hotelmedistone.com\/hr\/?s={search_term_string}\"},\"query-input\":{\"@type\":\"PropertyValueSpecification\",\"valueRequired\":true,\"valueName\":\"search_term_string\"}}],\"inLanguage\":\"hr\"},{\"@type\":\"Organization\",\"@id\":\"https:\/\/hotelmedistone.com\/hr\/#organization\",\"name\":\"Medistone\",\"url\":\"https:\/\/hotelmedistone.com\/hr\/\",\"logo\":{\"@type\":\"ImageObject\",\"inLanguage\":\"hr\",\"@id\":\"https:\/\/hotelmedistone.com\/hr\/#\/schema\/logo\/image\/\",\"url\":\"https:\/\/hotelmedistone.com\/wp-content\/uploads\/2023\/04\/logo-banner.svg\",\"contentUrl\":\"https:\/\/hotelmedistone.com\/wp-content\/uploads\/2023\/04\/logo-banner.svg\",\"width\":831,\"height\":147,\"caption\":\"Medistone\"},\"image\":{\"@id\":\"https:\/\/hotelmedistone.com\/hr\/#\/schema\/logo\/image\/\"},\"sameAs\":[\"https:\/\/www.facebook.com\/HotelMedistone\",\"https:\/\/www.instagram.com\/hotel.medistone\/\"]}]}<\/script>\n<!-- \/ Yoast SEO plugin. -->","yoast_head_json":{"title":"Galerija - Medistone","robots":{"index":"index","follow":"follow","max-snippet":"max-snippet:-1","max-image-preview":"max-image-preview:large","max-video-preview":"max-video-preview:-1"},"canonical":"https:\/\/hotelmedistone.com\/hr\/galerija\/","og_locale":"hr_HR","og_type":"article","og_title":"Galerija - Medistone","og_url":"https:\/\/hotelmedistone.com\/hr\/galerija\/","og_site_name":"Medistone","article_publisher":"https:\/\/www.facebook.com\/HotelMedistone","article_modified_time":"2026-05-11T08:16:24+00:00","og_image":[{"width":1920,"height":768,"url":"https:\/\/hotelmedistone.com\/wp-content\/uploads\/2026\/05\/gallery-banner.webp","type":"image\/webp"}],"twitter_card":"summary_large_image","twitter_misc":{"Procijenjeno vrijeme \u010ditanja":"1 minuta"},"schema":{"@context":"https:\/\/schema.org","@graph":[{"@type":"WebPage","@id":"https:\/\/hotelmedistone.com\/hr\/galerija\/","url":"https:\/\/hotelmedistone.com\/hr\/galerija\/","name":"Galerija - Medistone","isPartOf":{"@id":"https:\/\/hotelmedistone.com\/hr\/#website"},"primaryImageOfPage":{"@id":"https:\/\/hotelmedistone.com\/hr\/galerija\/#primaryimage"},"image":{"@id":"https:\/\/hotelmedistone.com\/hr\/galerija\/#primaryimage"},"thumbnailUrl":"https:\/\/hotelmedistone.com\/wp-content\/uploads\/2026\/05\/gallery-banner-1024x410.webp","datePublished":"2023-03-07T12:14:34+00:00","dateModified":"2026-05-11T08:16:24+00:00","breadcrumb":{"@id":"https:\/\/hotelmedistone.com\/hr\/galerija\/#breadcrumb"},"inLanguage":"hr","potentialAction":[{"@type":"ReadAction","target":["https:\/\/hotelmedistone.com\/hr\/galerija\/"]}]},{"@type":"ImageObject","inLanguage":"hr","@id":"https:\/\/hotelmedistone.com\/hr\/galerija\/#primaryimage","url":"https:\/\/hotelmedistone.com\/wp-content\/uploads\/2026\/05\/gallery-banner-1024x410.webp","contentUrl":"https:\/\/hotelmedistone.com\/wp-content\/uploads\/2026\/05\/gallery-banner-1024x410.webp"},{"@type":"BreadcrumbList","@id":"https:\/\/hotelmedistone.com\/hr\/galerija\/#breadcrumb","itemListElement":[{"@type":"ListItem","position":1,"name":"Home","item":"https:\/\/hotelmedistone.com\/hr\/"},{"@type":"ListItem","position":2,"name":"Galerija"}]},{"@type":"WebSite","@id":"https:\/\/hotelmedistone.com\/hr\/#website","url":"https:\/\/hotelmedistone.com\/hr\/","name":"Medistone","description":"","publisher":{"@id":"https:\/\/hotelmedistone.com\/hr\/#organization"},"potentialAction":[{"@type":"SearchAction","target":{"@type":"EntryPoint","urlTemplate":"https:\/\/hotelmedistone.com\/hr\/?s={search_term_string}"},"query-input":{"@type":"PropertyValueSpecification","valueRequired":true,"valueName":"search_term_string"}}],"inLanguage":"hr"},{"@type":"Organization","@id":"https:\/\/hotelmedistone.com\/hr\/#organization","name":"Medistone","url":"https:\/\/hotelmedistone.com\/hr\/","logo":{"@type":"ImageObject","inLanguage":"hr","@id":"https:\/\/hotelmedistone.com\/hr\/#\/schema\/logo\/image\/","url":"https:\/\/hotelmedistone.com\/wp-content\/uploads\/2023\/04\/logo-banner.svg","contentUrl":"https:\/\/hotelmedistone.com\/wp-content\/uploads\/2023\/04\/logo-banner.svg","width":831,"height":147,"caption":"Medistone"},"image":{"@id":"https:\/\/hotelmedistone.com\/hr\/#\/schema\/logo\/image\/"},"sameAs":["https:\/\/www.facebook.com\/HotelMedistone","https:\/\/www.instagram.com\/hotel.medistone\/"]}]}},"_links":{"self":[{"href":"https:\/\/hotelmedistone.com\/hr\/wp-json\/wp\/v2\/pages\/1540","targetHints":{"allow":["GET"]}}],"collection":[{"href":"https:\/\/hotelmedistone.com\/hr\/wp-json\/wp\/v2\/pages"}],"about":[{"href":"https:\/\/hotelmedistone.com\/hr\/wp-json\/wp\/v2\/types\/page"}],"author":[{"embeddable":true,"href":"https:\/\/hotelmedistone.com\/hr\/wp-json\/wp\/v2\/users\/1"}],"replies":[{"embeddable":true,"href":"https:\/\/hotelmedistone.com\/hr\/wp-json\/wp\/v2\/comments?post=1540"}],"version-history":[{"count":11,"href":"https:\/\/hotelmedistone.com\/hr\/wp-json\/wp\/v2\/pages\/1540\/revisions"}],"predecessor-version":[{"id":3789,"href":"https:\/\/hotelmedistone.com\/hr\/wp-json\/wp\/v2\/pages\/1540\/revisions\/3789"}],"wp:attachment":[{"href":"https:\/\/hotelmedistone.com\/hr\/wp-json\/wp\/v2\/media?parent=1540"}],"curies":[{"name":"wp","href":"https:\/\/api.w.org\/{rel}","templated":true}]}}