{"id":1542,"date":"2023-03-07T12:14:54","date_gmt":"2023-03-07T12:14:54","guid":{"rendered":"https:\/\/hotelmedistone.com\/oko-nas\/"},"modified":"2023-04-20T10:25:48","modified_gmt":"2023-04-20T10:25:48","slug":"oko-nas","status":"publish","type":"page","link":"https:\/\/hotelmedistone.com\/hr\/oko-nas\/","title":{"rendered":"Oko nas"},"content":{"rendered":"\n<section class=\"wp-block-group main-banner\"><div class=\"wp-block-group__inner-container is-layout-constrained wp-block-group-is-layout-constrained\">\n<div class=\"wp-block-group main-banner__content\"><div class=\"wp-block-group__inner-container is-layout-constrained wp-block-group-is-layout-constrained\">\n<div class=\"wp-block-cover\"><span aria-hidden=\"true\" class=\"wp-block-cover__background has-black-background-color has-background-dim\"><\/span><img loading=\"lazy\" decoding=\"async\" width=\"1920\" height=\"1080\" class=\"wp-block-cover__image-background wp-image-1770\" alt=\"\" src=\"https:\/\/hotelmedistone.com\/wp-content\/uploads\/2023\/04\/around-banner.png\" data-object-fit=\"cover\" srcset=\"https:\/\/hotelmedistone.com\/wp-content\/uploads\/2023\/04\/around-banner.png 1920w, https:\/\/hotelmedistone.com\/wp-content\/uploads\/2023\/04\/around-banner-300x169.png 300w, https:\/\/hotelmedistone.com\/wp-content\/uploads\/2023\/04\/around-banner-1024x576.png 1024w, https:\/\/hotelmedistone.com\/wp-content\/uploads\/2023\/04\/around-banner-768x432.png 768w, https:\/\/hotelmedistone.com\/wp-content\/uploads\/2023\/04\/around-banner-1536x864.png 1536w\" sizes=\"auto, (max-width: 1920px) 100vw, 1920px\" \/><div class=\"wp-block-cover__inner-container is-layout-flow wp-block-cover-is-layout-flow\">\n<div class=\"wp-block-group cover-images wrapper-left\"><div class=\"wp-block-group__inner-container is-layout-constrained wp-block-group-is-layout-constrained\">\n<h1 class=\"wp-block-heading headline2 hotel-banner__title\">OKO NAS<\/h1>\n\n\n<div class=\"wp-block-image\">\n<figure class=\"aligncenter size-large\"><img loading=\"lazy\" decoding=\"async\" width=\"358\" height=\"33\" src=\"https:\/\/hotelmedistone.com\/wp-content\/uploads\/2023\/04\/around-descroption-1.svg\" alt=\"\" class=\"wp-image-1787\"\/><\/figure><\/div>\n\n\n<p class=\"body1 hotel-banner__description\">Omi\u0161ka rivijera &#8211; jedna je od najljep\u0161ih rivijera na hrvatskoj obali, koja se prote\u017ee brojnim malim, ribarskim mjestima s turisti\u010dkom tradicijom, od kojih svako ima nekoliko pla\u017ea i uvala. \u0160ljun\u010dane, stjenovite i pje\u0161\u010dane pla\u017ee svidjet \u0107e se obiteljima s djecom, avanturistima ili parovima \u017eeljnim privatnosti, a hotel Medistone u Medi\u0107ima odli\u010dna je lokacija za one koji \u017eele lijepu pla\u017eu s visokim standardom smje\u0161taja uz more.<\/p>\n<\/div><\/div>\n<\/div><\/div>\n<\/div><\/div>\n\n\n\n<div class=\"wp-block-group main-banner__socials\"><div class=\"wp-block-group__inner-container is-layout-constrained wp-block-group-is-layout-constrained\">\n<div class=\"wp-block-group header-social-icons has-black-background-color has-background is-content-justification-center is-nowrap is-layout-flex wp-container-core-group-is-layout-94bc23d7 wp-block-group-is-layout-flex\">\n<figure class=\"wp-block-image size-full is-resized\"><a href=\"https:\/\/www.facebook.com\/HotelMedistone\" target=\"_blank\" rel=\"noreferrer noopener\"><img loading=\"lazy\" decoding=\"async\" src=\"https:\/\/hotelmedistone.com\/wp-content\/uploads\/2023\/04\/FacebookLogo-1.svg\" alt=\"\" class=\"wp-image-1718\" width=\"40\" height=\"40\"\/><\/a><\/figure>\n\n\n\n<figure class=\"wp-block-image size-full is-resized\"><a href=\"https:\/\/www.instagram.com\/hotel.medistone\/\" target=\"_blank\" rel=\"noreferrer noopener\"><img loading=\"lazy\" decoding=\"async\" src=\"https:\/\/hotelmedistone.com\/wp-content\/uploads\/2023\/04\/InstagramLogo-1.svg\" alt=\"\" class=\"wp-image-1716\" width=\"40\" height=\"40\"\/><\/a><\/figure>\n<\/div>\n<\/div><\/div>\n<\/div><\/section>\n\n\n\n<h2 class=\"wp-block-heading has-text-align-center arround-title headline4\">U Omi\u0161u mo\u017eete oti\u0107i do<\/h2>\n\n\n\n<section class=\"wp-block-group mainblockright\"><div class=\"wp-block-group__inner-container is-layout-constrained wp-block-group-is-layout-constrained\">\n<div class=\"wp-block-columns is-layout-flex wp-container-core-columns-is-layout-9d6595d7 wp-block-columns-is-layout-flex\">\n<div class=\"wp-block-column mainblockright__text text-mainblockright is-layout-flow wp-block-column-is-layout-flow\">\n<div class=\"wp-block-group text-mainblockright__wrapper\"><div class=\"wp-block-group__inner-container is-layout-constrained wp-block-group-is-layout-constrained\">\n<h2 class=\"wp-block-heading text-mainblockleft__title headline4\">RAFTING<\/h2>\n\n\n\n<span class=\"hr\"><\/span>\n<\/div><\/div>\n<\/div>\n\n\n\n<div class=\"wp-block-column mainblockright__img is-layout-flow wp-block-column-is-layout-flow\">\n<figure class=\"wp-block-image size-full\"><img loading=\"lazy\" decoding=\"async\" width=\"960\" height=\"398\" src=\"https:\/\/hotelmedistone.com\/wp-content\/uploads\/2023\/04\/around-rafting.png\" alt=\"\" class=\"wp-image-2158\" srcset=\"https:\/\/hotelmedistone.com\/wp-content\/uploads\/2023\/04\/around-rafting.png 960w, https:\/\/hotelmedistone.com\/wp-content\/uploads\/2023\/04\/around-rafting-300x124.png 300w, https:\/\/hotelmedistone.com\/wp-content\/uploads\/2023\/04\/around-rafting-768x318.png 768w\" sizes=\"auto, (max-width: 960px) 100vw, 960px\" \/><\/figure>\n<\/div>\n<\/div>\n<\/div><\/section>\n\n\n\n<section class=\"wp-block-group mainblockright\"><div class=\"wp-block-group__inner-container is-layout-constrained wp-block-group-is-layout-constrained\">\n<div class=\"wp-block-columns is-layout-flex wp-container-core-columns-is-layout-9d6595d7 wp-block-columns-is-layout-flex\">\n<div class=\"wp-block-column mainblockright__img is-layout-flow wp-block-column-is-layout-flow\">\n<figure class=\"wp-block-image size-full\"><img loading=\"lazy\" decoding=\"async\" width=\"960\" height=\"398\" src=\"https:\/\/hotelmedistone.com\/wp-content\/uploads\/2023\/04\/around-zipline.png\" alt=\"\" class=\"wp-image-2160\" srcset=\"https:\/\/hotelmedistone.com\/wp-content\/uploads\/2023\/04\/around-zipline.png 960w, https:\/\/hotelmedistone.com\/wp-content\/uploads\/2023\/04\/around-zipline-300x124.png 300w, https:\/\/hotelmedistone.com\/wp-content\/uploads\/2023\/04\/around-zipline-768x318.png 768w\" sizes=\"auto, (max-width: 960px) 100vw, 960px\" \/><\/figure>\n<\/div>\n\n\n\n<div class=\"wp-block-column mainblockright__text text-mainblockright is-layout-flow wp-block-column-is-layout-flow\">\n<div class=\"wp-block-group text-mainblockright__wrapper\"><div class=\"wp-block-group__inner-container is-layout-constrained wp-block-group-is-layout-constrained\">\n<h2 class=\"wp-block-heading text-mainblockleft__title headline4\">\u017dI\u010cARA<\/h2>\n\n\n\n<span class=\"hr\"><\/span>\n<\/div><\/div>\n<\/div>\n<\/div>\n<\/div><\/section>\n\n\n\n<section class=\"wp-block-group mainblockright\"><div class=\"wp-block-group__inner-container is-layout-constrained wp-block-group-is-layout-constrained\">\n<div class=\"wp-block-columns is-layout-flex wp-container-core-columns-is-layout-9d6595d7 wp-block-columns-is-layout-flex\">\n<div class=\"wp-block-column mainblockright__text text-mainblockright is-layout-flow wp-block-column-is-layout-flow\">\n<div class=\"wp-block-group text-mainblockright__wrapper\"><div class=\"wp-block-group__inner-container is-layout-constrained wp-block-group-is-layout-constrained\">\n<h2 class=\"wp-block-heading text-mainblockleft__title headline4\">PLANINARENJE<\/h2>\n\n\n\n<span class=\"hr\"><\/span>\n<\/div><\/div>\n<\/div>\n\n\n\n<div class=\"wp-block-column mainblockright__img is-layout-flow wp-block-column-is-layout-flow\">\n<figure class=\"wp-block-image size-full\"><img loading=\"lazy\" decoding=\"async\" width=\"960\" height=\"398\" src=\"https:\/\/hotelmedistone.com\/wp-content\/uploads\/2023\/04\/around-hiking.png\" alt=\"\" class=\"wp-image-2146\" srcset=\"https:\/\/hotelmedistone.com\/wp-content\/uploads\/2023\/04\/around-hiking.png 960w, https:\/\/hotelmedistone.com\/wp-content\/uploads\/2023\/04\/around-hiking-300x124.png 300w, https:\/\/hotelmedistone.com\/wp-content\/uploads\/2023\/04\/around-hiking-768x318.png 768w\" sizes=\"auto, (max-width: 960px) 100vw, 960px\" \/><\/figure>\n<\/div>\n<\/div>\n<\/div><\/section>\n\n\n\n<section class=\"wp-block-group mainblockright\"><div class=\"wp-block-group__inner-container is-layout-constrained wp-block-group-is-layout-constrained\">\n<div class=\"wp-block-columns is-layout-flex wp-container-core-columns-is-layout-9d6595d7 wp-block-columns-is-layout-flex\">\n<div class=\"wp-block-column mainblockright__img is-layout-flow wp-block-column-is-layout-flow\">\n<figure class=\"wp-block-image size-full\"><img loading=\"lazy\" decoding=\"async\" width=\"960\" height=\"398\" src=\"https:\/\/hotelmedistone.com\/wp-content\/uploads\/2023\/04\/around-jumping.png\" alt=\"\" class=\"wp-image-2150\" srcset=\"https:\/\/hotelmedistone.com\/wp-content\/uploads\/2023\/04\/around-jumping.png 960w, https:\/\/hotelmedistone.com\/wp-content\/uploads\/2023\/04\/around-jumping-300x124.png 300w, https:\/\/hotelmedistone.com\/wp-content\/uploads\/2023\/04\/around-jumping-768x318.png 768w\" sizes=\"auto, (max-width: 960px) 100vw, 960px\" \/><\/figure>\n<\/div>\n\n\n\n<div class=\"wp-block-column mainblockright__text text-mainblockright is-layout-flow wp-block-column-is-layout-flow\">\n<div class=\"wp-block-group text-mainblockright__wrapper\"><div class=\"wp-block-group__inner-container is-layout-constrained wp-block-group-is-layout-constrained\">\n<h2 class=\"wp-block-heading text-mainblockleft__title headline4\">CANYONING &amp; SKAKANJE SA STINE<\/h2>\n\n\n\n<span class=\"hr\"><\/span>\n<\/div><\/div>\n<\/div>\n<\/div>\n<\/div><\/section>\n\n\n\n<section class=\"wp-block-group mainblockright\"><div class=\"wp-block-group__inner-container is-layout-constrained wp-block-group-is-layout-constrained\">\n<div class=\"wp-block-columns is-layout-flex wp-container-core-columns-is-layout-9d6595d7 wp-block-columns-is-layout-flex\">\n<div class=\"wp-block-column mainblockright__text text-mainblockright is-layout-flow wp-block-column-is-layout-flow\">\n<div class=\"wp-block-group text-mainblockright__wrapper\"><div class=\"wp-block-group__inner-container is-layout-constrained wp-block-group-is-layout-constrained\">\n<h2 class=\"wp-block-heading text-mainblockleft__title headline4\">KAJAK<\/h2>\n\n\n\n<span class=\"hr\"><\/span>\n<\/div><\/div>\n<\/div>\n\n\n\n<div class=\"wp-block-column mainblockright__img is-layout-flow wp-block-column-is-layout-flow\">\n<figure class=\"wp-block-image size-full\"><img loading=\"lazy\" decoding=\"async\" width=\"960\" height=\"398\" src=\"https:\/\/hotelmedistone.com\/wp-content\/uploads\/2023\/04\/around-kayaking.png\" alt=\"\" class=\"wp-image-2152\" srcset=\"https:\/\/hotelmedistone.com\/wp-content\/uploads\/2023\/04\/around-kayaking.png 960w, https:\/\/hotelmedistone.com\/wp-content\/uploads\/2023\/04\/around-kayaking-300x124.png 300w, https:\/\/hotelmedistone.com\/wp-content\/uploads\/2023\/04\/around-kayaking-768x318.png 768w\" sizes=\"auto, (max-width: 960px) 100vw, 960px\" \/><\/figure>\n<\/div>\n<\/div>\n<\/div><\/section>\n\n\n\n<h2 class=\"wp-block-heading has-text-align-center arround-title headline4\">Na Makarskoj rivijeri mo\u017eete i\u0107i<\/h2>\n\n\n\n<section class=\"wp-block-group mainblockright\"><div class=\"wp-block-group__inner-container is-layout-constrained wp-block-group-is-layout-constrained\">\n<div class=\"wp-block-columns is-layout-flex wp-container-core-columns-is-layout-9d6595d7 wp-block-columns-is-layout-flex\">\n<div class=\"wp-block-column mainblockright__img is-layout-flow wp-block-column-is-layout-flow\">\n<figure class=\"wp-block-image size-full\"><img loading=\"lazy\" decoding=\"async\" width=\"960\" height=\"398\" src=\"https:\/\/hotelmedistone.com\/wp-content\/uploads\/2023\/04\/around-diving.png\" alt=\"\" class=\"wp-image-2144\" srcset=\"https:\/\/hotelmedistone.com\/wp-content\/uploads\/2023\/04\/around-diving.png 960w, https:\/\/hotelmedistone.com\/wp-content\/uploads\/2023\/04\/around-diving-300x124.png 300w, https:\/\/hotelmedistone.com\/wp-content\/uploads\/2023\/04\/around-diving-768x318.png 768w\" sizes=\"auto, (max-width: 960px) 100vw, 960px\" \/><\/figure>\n<\/div>\n\n\n\n<div class=\"wp-block-column mainblockright__text text-mainblockright is-layout-flow wp-block-column-is-layout-flow\">\n<div class=\"wp-block-group text-mainblockright__wrapper\"><div class=\"wp-block-group__inner-container is-layout-constrained wp-block-group-is-layout-constrained\">\n<h2 class=\"wp-block-heading text-mainblockleft__title headline4\">RONJENJE<\/h2>\n\n\n\n<span class=\"hr\"><\/span>\n<\/div><\/div>\n<\/div>\n<\/div>\n<\/div><\/section>\n\n\n\n<section class=\"wp-block-group mainblockright\"><div class=\"wp-block-group__inner-container is-layout-constrained wp-block-group-is-layout-constrained\">\n<div class=\"wp-block-columns is-layout-flex wp-container-core-columns-is-layout-9d6595d7 wp-block-columns-is-layout-flex\">\n<div class=\"wp-block-column mainblockright__text text-mainblockright is-layout-flow wp-block-column-is-layout-flow\">\n<div class=\"wp-block-group text-mainblockright__wrapper\"><div class=\"wp-block-group__inner-container is-layout-constrained wp-block-group-is-layout-constrained\">\n<h2 class=\"wp-block-heading text-mainblockleft__title headline4\">POSJETITE NACIONALNI PARK BIOKOVO<\/h2>\n\n\n\n<span class=\"hr\"><\/span>\n<\/div><\/div>\n<\/div>\n\n\n\n<div class=\"wp-block-column mainblockright__img is-layout-flow wp-block-column-is-layout-flow\">\n<figure class=\"wp-block-image size-full\"><img loading=\"lazy\" decoding=\"async\" width=\"960\" height=\"398\" src=\"https:\/\/hotelmedistone.com\/wp-content\/uploads\/2023\/04\/around-park.png\" alt=\"\" class=\"wp-image-2156\" srcset=\"https:\/\/hotelmedistone.com\/wp-content\/uploads\/2023\/04\/around-park.png 960w, https:\/\/hotelmedistone.com\/wp-content\/uploads\/2023\/04\/around-park-300x124.png 300w, https:\/\/hotelmedistone.com\/wp-content\/uploads\/2023\/04\/around-park-768x318.png 768w\" sizes=\"auto, (max-width: 960px) 100vw, 960px\" \/><\/figure>\n<\/div>\n<\/div>\n<\/div><\/section>\n\n\n\n<section class=\"wp-block-group mainblockright\"><div class=\"wp-block-group__inner-container is-layout-constrained wp-block-group-is-layout-constrained\">\n<div class=\"wp-block-columns is-layout-flex wp-container-core-columns-is-layout-9d6595d7 wp-block-columns-is-layout-flex\">\n<div class=\"wp-block-column mainblockright__img is-layout-flow wp-block-column-is-layout-flow\">\n<figure class=\"wp-block-image size-full\"><img loading=\"lazy\" decoding=\"async\" width=\"960\" height=\"398\" src=\"https:\/\/hotelmedistone.com\/wp-content\/uploads\/2023\/04\/around-island.png\" alt=\"\" class=\"wp-image-2148\" srcset=\"https:\/\/hotelmedistone.com\/wp-content\/uploads\/2023\/04\/around-island.png 960w, https:\/\/hotelmedistone.com\/wp-content\/uploads\/2023\/04\/around-island-300x124.png 300w, https:\/\/hotelmedistone.com\/wp-content\/uploads\/2023\/04\/around-island-768x318.png 768w\" sizes=\"auto, (max-width: 960px) 100vw, 960px\" \/><\/figure>\n<\/div>\n\n\n\n<div class=\"wp-block-column mainblockright__text text-mainblockright is-layout-flow wp-block-column-is-layout-flow\">\n<div class=\"wp-block-group text-mainblockright__wrapper\"><div class=\"wp-block-group__inner-container is-layout-constrained wp-block-group-is-layout-constrained\">\n<h2 class=\"wp-block-heading text-mainblockleft__title headline4\">DNEVNI IZLETI NA OTOKE<\/h2>\n\n\n\n<span class=\"hr\"><\/span>\n<\/div><\/div>\n<\/div>\n<\/div>\n<\/div><\/section>\n\n\n\n<section class=\"wp-block-group mainblockright\"><div class=\"wp-block-group__inner-container is-layout-constrained wp-block-group-is-layout-constrained\">\n<div class=\"wp-block-columns is-layout-flex wp-container-core-columns-is-layout-9d6595d7 wp-block-columns-is-layout-flex\">\n<div class=\"wp-block-column mainblockright__text text-mainblockright is-layout-flow wp-block-column-is-layout-flow\">\n<div class=\"wp-block-group text-mainblockright__wrapper\"><div class=\"wp-block-group__inner-container is-layout-constrained wp-block-group-is-layout-constrained\">\n<h2 class=\"wp-block-heading text-mainblockleft__title headline4\">ASTRONOMSKA ZVJEZDARNICA<\/h2>\n\n\n\n<span class=\"hr\"><\/span>\n<\/div><\/div>\n<\/div>\n\n\n\n<div class=\"wp-block-column mainblockright__img is-layout-flow wp-block-column-is-layout-flow\">\n<figure class=\"wp-block-image size-full\"><img loading=\"lazy\" decoding=\"async\" width=\"960\" height=\"398\" src=\"https:\/\/hotelmedistone.com\/wp-content\/uploads\/2023\/04\/around-observatory.png\" alt=\"\" class=\"wp-image-2154\" srcset=\"https:\/\/hotelmedistone.com\/wp-content\/uploads\/2023\/04\/around-observatory.png 960w, https:\/\/hotelmedistone.com\/wp-content\/uploads\/2023\/04\/around-observatory-300x124.png 300w, https:\/\/hotelmedistone.com\/wp-content\/uploads\/2023\/04\/around-observatory-768x318.png 768w\" sizes=\"auto, (max-width: 960px) 100vw, 960px\" \/><\/figure>\n<\/div>\n<\/div>\n<\/div><\/section>\n","protected":false},"excerpt":{"rendered":"<p>U Omi\u0161u mo\u017eete oti\u0107i do RAFTING \u017dI\u010cARA PLANINARENJE CANYONING &amp; SKAKANJE SA STINE KAJAK Na Makarskoj rivijeri mo\u017eete i\u0107i RONJENJE POSJETITE NACIONALNI PARK BIOKOVO DNEVNI IZLETI NA OTOKE ASTRONOMSKA ZVJEZDARNICA<\/p>\n","protected":false},"author":1,"featured_media":0,"parent":0,"menu_order":0,"comment_status":"closed","ping_status":"closed","template":"","meta":{"_acf_changed":false,"inline_featured_image":false,"footnotes":""},"class_list":["post-1542","page","type-page","status-publish","hentry"],"acf":[],"yoast_head":"<!-- This site is optimized with the Yoast SEO plugin v25.2 - https:\/\/yoast.com\/wordpress\/plugins\/seo\/ -->\n<title>Oko nas - Medistone<\/title>\n<meta name=\"robots\" content=\"index, follow, max-snippet:-1, max-image-preview:large, max-video-preview:-1\" \/>\n<link rel=\"canonical\" href=\"https:\/\/hotelmedistone.com\/hr\/oko-nas\/\" \/>\n<meta property=\"og:locale\" content=\"hr_HR\" \/>\n<meta property=\"og:type\" content=\"article\" \/>\n<meta property=\"og:title\" content=\"Oko nas - Medistone\" \/>\n<meta property=\"og:description\" content=\"U Omi\u0161u mo\u017eete oti\u0107i do RAFTING \u017dI\u010cARA PLANINARENJE CANYONING &amp; SKAKANJE SA STINE KAJAK Na Makarskoj rivijeri mo\u017eete i\u0107i RONJENJE POSJETITE NACIONALNI PARK BIOKOVO DNEVNI IZLETI NA OTOKE ASTRONOMSKA ZVJEZDARNICA\" \/>\n<meta property=\"og:url\" content=\"https:\/\/hotelmedistone.com\/hr\/oko-nas\/\" \/>\n<meta property=\"og:site_name\" content=\"Medistone\" \/>\n<meta property=\"article:publisher\" content=\"https:\/\/www.facebook.com\/HotelMedistone\" \/>\n<meta property=\"article:modified_time\" content=\"2023-04-20T10:25:48+00:00\" \/>\n<meta property=\"og:image\" content=\"https:\/\/hotelmedistone.com\/wp-content\/uploads\/2023\/04\/around-banner.png\" \/>\n<meta name=\"twitter:card\" content=\"summary_large_image\" \/>\n<meta name=\"twitter:label1\" content=\"Procijenjeno vrijeme \u010ditanja\" \/>\n\t<meta name=\"twitter:data1\" content=\"4 minute\" \/>\n<script type=\"application\/ld+json\" class=\"yoast-schema-graph\">{\"@context\":\"https:\/\/schema.org\",\"@graph\":[{\"@type\":\"WebPage\",\"@id\":\"https:\/\/hotelmedistone.com\/hr\/oko-nas\/\",\"url\":\"https:\/\/hotelmedistone.com\/hr\/oko-nas\/\",\"name\":\"Oko nas - Medistone\",\"isPartOf\":{\"@id\":\"https:\/\/hotelmedistone.com\/hr\/#website\"},\"primaryImageOfPage\":{\"@id\":\"https:\/\/hotelmedistone.com\/hr\/oko-nas\/#primaryimage\"},\"image\":{\"@id\":\"https:\/\/hotelmedistone.com\/hr\/oko-nas\/#primaryimage\"},\"thumbnailUrl\":\"https:\/\/hotelmedistone.com\/wp-content\/uploads\/2023\/04\/around-banner.png\",\"datePublished\":\"2023-03-07T12:14:54+00:00\",\"dateModified\":\"2023-04-20T10:25:48+00:00\",\"breadcrumb\":{\"@id\":\"https:\/\/hotelmedistone.com\/hr\/oko-nas\/#breadcrumb\"},\"inLanguage\":\"hr\",\"potentialAction\":[{\"@type\":\"ReadAction\",\"target\":[\"https:\/\/hotelmedistone.com\/hr\/oko-nas\/\"]}]},{\"@type\":\"ImageObject\",\"inLanguage\":\"hr\",\"@id\":\"https:\/\/hotelmedistone.com\/hr\/oko-nas\/#primaryimage\",\"url\":\"https:\/\/hotelmedistone.com\/wp-content\/uploads\/2023\/04\/around-banner.png\",\"contentUrl\":\"https:\/\/hotelmedistone.com\/wp-content\/uploads\/2023\/04\/around-banner.png\"},{\"@type\":\"BreadcrumbList\",\"@id\":\"https:\/\/hotelmedistone.com\/hr\/oko-nas\/#breadcrumb\",\"itemListElement\":[{\"@type\":\"ListItem\",\"position\":1,\"name\":\"Home\",\"item\":\"https:\/\/hotelmedistone.com\/hr\/\"},{\"@type\":\"ListItem\",\"position\":2,\"name\":\"Oko nas\"}]},{\"@type\":\"WebSite\",\"@id\":\"https:\/\/hotelmedistone.com\/hr\/#website\",\"url\":\"https:\/\/hotelmedistone.com\/hr\/\",\"name\":\"Medistone\",\"description\":\"\",\"publisher\":{\"@id\":\"https:\/\/hotelmedistone.com\/hr\/#organization\"},\"potentialAction\":[{\"@type\":\"SearchAction\",\"target\":{\"@type\":\"EntryPoint\",\"urlTemplate\":\"https:\/\/hotelmedistone.com\/hr\/?s={search_term_string}\"},\"query-input\":{\"@type\":\"PropertyValueSpecification\",\"valueRequired\":true,\"valueName\":\"search_term_string\"}}],\"inLanguage\":\"hr\"},{\"@type\":\"Organization\",\"@id\":\"https:\/\/hotelmedistone.com\/hr\/#organization\",\"name\":\"Medistone\",\"url\":\"https:\/\/hotelmedistone.com\/hr\/\",\"logo\":{\"@type\":\"ImageObject\",\"inLanguage\":\"hr\",\"@id\":\"https:\/\/hotelmedistone.com\/hr\/#\/schema\/logo\/image\/\",\"url\":\"https:\/\/hotelmedistone.com\/wp-content\/uploads\/2023\/04\/logo-banner.svg\",\"contentUrl\":\"https:\/\/hotelmedistone.com\/wp-content\/uploads\/2023\/04\/logo-banner.svg\",\"width\":831,\"height\":147,\"caption\":\"Medistone\"},\"image\":{\"@id\":\"https:\/\/hotelmedistone.com\/hr\/#\/schema\/logo\/image\/\"},\"sameAs\":[\"https:\/\/www.facebook.com\/HotelMedistone\",\"https:\/\/www.instagram.com\/hotel.medistone\/\"]}]}<\/script>\n<!-- \/ Yoast SEO plugin. -->","yoast_head_json":{"title":"Oko nas - Medistone","robots":{"index":"index","follow":"follow","max-snippet":"max-snippet:-1","max-image-preview":"max-image-preview:large","max-video-preview":"max-video-preview:-1"},"canonical":"https:\/\/hotelmedistone.com\/hr\/oko-nas\/","og_locale":"hr_HR","og_type":"article","og_title":"Oko nas - Medistone","og_description":"U Omi\u0161u mo\u017eete oti\u0107i do RAFTING \u017dI\u010cARA PLANINARENJE CANYONING &amp; SKAKANJE SA STINE KAJAK Na Makarskoj rivijeri mo\u017eete i\u0107i RONJENJE POSJETITE NACIONALNI PARK BIOKOVO DNEVNI IZLETI NA OTOKE ASTRONOMSKA ZVJEZDARNICA","og_url":"https:\/\/hotelmedistone.com\/hr\/oko-nas\/","og_site_name":"Medistone","article_publisher":"https:\/\/www.facebook.com\/HotelMedistone","article_modified_time":"2023-04-20T10:25:48+00:00","og_image":[{"url":"https:\/\/hotelmedistone.com\/wp-content\/uploads\/2023\/04\/around-banner.png","type":"","width":"","height":""}],"twitter_card":"summary_large_image","twitter_misc":{"Procijenjeno vrijeme \u010ditanja":"4 minute"},"schema":{"@context":"https:\/\/schema.org","@graph":[{"@type":"WebPage","@id":"https:\/\/hotelmedistone.com\/hr\/oko-nas\/","url":"https:\/\/hotelmedistone.com\/hr\/oko-nas\/","name":"Oko nas - Medistone","isPartOf":{"@id":"https:\/\/hotelmedistone.com\/hr\/#website"},"primaryImageOfPage":{"@id":"https:\/\/hotelmedistone.com\/hr\/oko-nas\/#primaryimage"},"image":{"@id":"https:\/\/hotelmedistone.com\/hr\/oko-nas\/#primaryimage"},"thumbnailUrl":"https:\/\/hotelmedistone.com\/wp-content\/uploads\/2023\/04\/around-banner.png","datePublished":"2023-03-07T12:14:54+00:00","dateModified":"2023-04-20T10:25:48+00:00","breadcrumb":{"@id":"https:\/\/hotelmedistone.com\/hr\/oko-nas\/#breadcrumb"},"inLanguage":"hr","potentialAction":[{"@type":"ReadAction","target":["https:\/\/hotelmedistone.com\/hr\/oko-nas\/"]}]},{"@type":"ImageObject","inLanguage":"hr","@id":"https:\/\/hotelmedistone.com\/hr\/oko-nas\/#primaryimage","url":"https:\/\/hotelmedistone.com\/wp-content\/uploads\/2023\/04\/around-banner.png","contentUrl":"https:\/\/hotelmedistone.com\/wp-content\/uploads\/2023\/04\/around-banner.png"},{"@type":"BreadcrumbList","@id":"https:\/\/hotelmedistone.com\/hr\/oko-nas\/#breadcrumb","itemListElement":[{"@type":"ListItem","position":1,"name":"Home","item":"https:\/\/hotelmedistone.com\/hr\/"},{"@type":"ListItem","position":2,"name":"Oko nas"}]},{"@type":"WebSite","@id":"https:\/\/hotelmedistone.com\/hr\/#website","url":"https:\/\/hotelmedistone.com\/hr\/","name":"Medistone","description":"","publisher":{"@id":"https:\/\/hotelmedistone.com\/hr\/#organization"},"potentialAction":[{"@type":"SearchAction","target":{"@type":"EntryPoint","urlTemplate":"https:\/\/hotelmedistone.com\/hr\/?s={search_term_string}"},"query-input":{"@type":"PropertyValueSpecification","valueRequired":true,"valueName":"search_term_string"}}],"inLanguage":"hr"},{"@type":"Organization","@id":"https:\/\/hotelmedistone.com\/hr\/#organization","name":"Medistone","url":"https:\/\/hotelmedistone.com\/hr\/","logo":{"@type":"ImageObject","inLanguage":"hr","@id":"https:\/\/hotelmedistone.com\/hr\/#\/schema\/logo\/image\/","url":"https:\/\/hotelmedistone.com\/wp-content\/uploads\/2023\/04\/logo-banner.svg","contentUrl":"https:\/\/hotelmedistone.com\/wp-content\/uploads\/2023\/04\/logo-banner.svg","width":831,"height":147,"caption":"Medistone"},"image":{"@id":"https:\/\/hotelmedistone.com\/hr\/#\/schema\/logo\/image\/"},"sameAs":["https:\/\/www.facebook.com\/HotelMedistone","https:\/\/www.instagram.com\/hotel.medistone\/"]}]}},"_links":{"self":[{"href":"https:\/\/hotelmedistone.com\/hr\/wp-json\/wp\/v2\/pages\/1542","targetHints":{"allow":["GET"]}}],"collection":[{"href":"https:\/\/hotelmedistone.com\/hr\/wp-json\/wp\/v2\/pages"}],"about":[{"href":"https:\/\/hotelmedistone.com\/hr\/wp-json\/wp\/v2\/types\/page"}],"author":[{"embeddable":true,"href":"https:\/\/hotelmedistone.com\/hr\/wp-json\/wp\/v2\/users\/1"}],"replies":[{"embeddable":true,"href":"https:\/\/hotelmedistone.com\/hr\/wp-json\/wp\/v2\/comments?post=1542"}],"version-history":[{"count":19,"href":"https:\/\/hotelmedistone.com\/hr\/wp-json\/wp\/v2\/pages\/1542\/revisions"}],"predecessor-version":[{"id":2318,"href":"https:\/\/hotelmedistone.com\/hr\/wp-json\/wp\/v2\/pages\/1542\/revisions\/2318"}],"wp:attachment":[{"href":"https:\/\/hotelmedistone.com\/hr\/wp-json\/wp\/v2\/media?parent=1542"}],"curies":[{"name":"wp","href":"https:\/\/api.w.org\/{rel}","templated":true}]}}