{"id":1543,"date":"2023-03-07T12:14:25","date_gmt":"2023-03-07T12:14:25","guid":{"rendered":"https:\/\/hotelmedistone.com\/aktivnosti\/"},"modified":"2023-04-18T04:38:37","modified_gmt":"2023-04-18T04:38:37","slug":"aktivnosti","status":"publish","type":"page","link":"https:\/\/hotelmedistone.com\/hr\/aktivnosti\/","title":{"rendered":"Aktivnosti"},"content":{"rendered":"\n<section class=\"wp-block-group main-banner\"><div class=\"wp-block-group__inner-container is-layout-constrained wp-block-group-is-layout-constrained\">\n<div class=\"wp-block-group main-banner__content\"><div class=\"wp-block-group__inner-container is-layout-constrained wp-block-group-is-layout-constrained\">\n<div class=\"wp-block-cover\"><span aria-hidden=\"true\" class=\"wp-block-cover__background has-black-background-color has-background-dim\"><\/span><img loading=\"lazy\" decoding=\"async\" width=\"1920\" height=\"768\" class=\"wp-block-cover__image-background wp-image-1067\" alt=\"\" src=\"https:\/\/hotelmedistone.com\/wp-content\/uploads\/2023\/04\/activities-banner.png\" data-object-fit=\"cover\" srcset=\"https:\/\/hotelmedistone.com\/wp-content\/uploads\/2023\/04\/activities-banner.png 1920w, https:\/\/hotelmedistone.com\/wp-content\/uploads\/2023\/04\/activities-banner-300x120.png 300w, https:\/\/hotelmedistone.com\/wp-content\/uploads\/2023\/04\/activities-banner-1024x410.png 1024w, https:\/\/hotelmedistone.com\/wp-content\/uploads\/2023\/04\/activities-banner-768x307.png 768w, https:\/\/hotelmedistone.com\/wp-content\/uploads\/2023\/04\/activities-banner-1536x614.png 1536w\" sizes=\"auto, (max-width: 1920px) 100vw, 1920px\" \/><div class=\"wp-block-cover__inner-container is-layout-flow wp-block-cover-is-layout-flow\">\n<div class=\"wp-block-group cover-images wrapper-left\"><div class=\"wp-block-group__inner-container is-layout-constrained wp-block-group-is-layout-constrained\">\n<h1 class=\"wp-block-heading headline2 hotel-banner__title\">AKTIVNOSTI &amp; SPORT<\/h1>\n\n\n<div class=\"wp-block-image\">\n<figure class=\"aligncenter size-large\"><img loading=\"lazy\" decoding=\"async\" width=\"331\" height=\"35\" src=\"https:\/\/hotelmedistone.com\/wp-content\/uploads\/2023\/04\/activities-description-1.svg\" alt=\"\" class=\"wp-image-1904\"\/><\/figure><\/div>\n\n\n<p class=\"body1 hotel-banner__description\">Imamo \u0161to ponuditi i onima koji ne vole pasivnu rekreaciju. Profesionalna teretana, vodene atrakcije, najam bicikala i usluga prijevoza do obli\u017enjih aktivnosti &#8211; u Medistoneu vam ne\u0107e biti dosadno.<\/p>\n<\/div><\/div>\n<\/div><\/div>\n\n\n\n<div class=\"wp-block-group main-banner__socials\"><div class=\"wp-block-group__inner-container is-layout-constrained wp-block-group-is-layout-constrained\">\n<div class=\"wp-block-group header-social-icons has-black-background-color has-background is-content-justification-center is-nowrap is-layout-flex wp-container-core-group-is-layout-94bc23d7 wp-block-group-is-layout-flex\">\n<figure class=\"wp-block-image size-full is-resized\"><a href=\"https:\/\/www.facebook.com\/HotelMedistone\" target=\"_blank\" rel=\"noreferrer noopener\"><img loading=\"lazy\" decoding=\"async\" src=\"https:\/\/hotelmedistone.com\/wp-content\/uploads\/2023\/04\/FacebookLogo-1.svg\" alt=\"\" class=\"wp-image-1718\" width=\"40\" height=\"40\"\/><\/a><\/figure>\n\n\n\n<figure class=\"wp-block-image size-full is-resized\"><a href=\"https:\/\/www.instagram.com\/hotel.medistone\/\" target=\"_blank\" rel=\"noreferrer noopener\"><img loading=\"lazy\" decoding=\"async\" src=\"https:\/\/hotelmedistone.com\/wp-content\/uploads\/2023\/04\/InstagramLogo-1.svg\" alt=\"\" class=\"wp-image-1716\" width=\"40\" height=\"40\"\/><\/a><\/figure>\n<\/div>\n<\/div><\/div>\n<\/div><\/div>\n<\/div><\/section>\n\n\n\n<section class=\"wp-block-group mainblockright\"><div class=\"wp-block-group__inner-container is-layout-constrained wp-block-group-is-layout-constrained\">\n<div class=\"wp-block-columns is-layout-flex wp-container-core-columns-is-layout-9d6595d7 wp-block-columns-is-layout-flex\">\n<div class=\"wp-block-column mainblockright__text text-mainblockright is-layout-flow wp-block-column-is-layout-flow\">\n<div class=\"wp-block-group text-mainblockright__wrapper\"><div class=\"wp-block-group__inner-container is-layout-constrained wp-block-group-is-layout-constrained\">\n<h2 class=\"wp-block-heading text-mainblockleft__title headline4\">TERETANA<\/h2>\n\n\n\n<span class=\"hr\"><\/span>\n\n\n\n<p class=\"text-mainblockright__description body1\"><br>Na\u0161 fitness centar opremljen je svime \u0161to vam mo\u017ee zatrebati za funkcionalni trening s Technogym opremom. U ponudi su staza za tr\u010danje, bicikl, steper, bu\u010dice, multifunkcionalna sprava i ostala oprema. Tako\u0111er mo\u017eete preuzeti aplikaciju Technogym i raditi profesionalne vje\u017ebe.<\/p>\n\n\n\n<div class=\"wp-block-buttons text-mainblockleft__buttons is-layout-flex wp-block-buttons-is-layout-flex\">\n<div class=\"wp-block-button text-mainblockleft__button-orange button\"><a class=\"wp-block-button__link wp-element-button\" href=\"https:\/\/www.technogym.com\/en-US\/technogym-app\/\">PREUZMI APLIKACIJU<\/a><\/div>\n<\/div>\n<\/div><\/div>\n<\/div>\n\n\n\n<div class=\"wp-block-column mainblockright__img is-layout-flow wp-block-column-is-layout-flow\">\n<figure class=\"wp-block-image size-full\"><img loading=\"lazy\" decoding=\"async\" width=\"960\" height=\"550\" src=\"https:\/\/hotelmedistone.com\/wp-content\/uploads\/2023\/04\/activities-img1.png\" alt=\"\" class=\"wp-image-2139\" srcset=\"https:\/\/hotelmedistone.com\/wp-content\/uploads\/2023\/04\/activities-img1.png 960w, https:\/\/hotelmedistone.com\/wp-content\/uploads\/2023\/04\/activities-img1-300x172.png 300w, https:\/\/hotelmedistone.com\/wp-content\/uploads\/2023\/04\/activities-img1-768x440.png 768w\" sizes=\"auto, (max-width: 960px) 100vw, 960px\" \/><\/figure>\n<\/div>\n<\/div>\n<\/div><\/section>\n\n\n\n<section class=\"wp-block-group mainblockright\"><div class=\"wp-block-group__inner-container is-layout-constrained wp-block-group-is-layout-constrained\">\n<div class=\"wp-block-columns is-layout-flex wp-container-core-columns-is-layout-9d6595d7 wp-block-columns-is-layout-flex\">\n<div class=\"wp-block-column mainblockright__img is-layout-flow wp-block-column-is-layout-flow\">\n<figure class=\"wp-block-image size-full\"><img loading=\"lazy\" decoding=\"async\" width=\"960\" height=\"550\" src=\"https:\/\/hotelmedistone.com\/wp-content\/uploads\/2023\/04\/activities-img2.png\" alt=\"\" class=\"wp-image-2137\" srcset=\"https:\/\/hotelmedistone.com\/wp-content\/uploads\/2023\/04\/activities-img2.png 960w, https:\/\/hotelmedistone.com\/wp-content\/uploads\/2023\/04\/activities-img2-300x172.png 300w, https:\/\/hotelmedistone.com\/wp-content\/uploads\/2023\/04\/activities-img2-768x440.png 768w\" sizes=\"auto, (max-width: 960px) 100vw, 960px\" \/><\/figure>\n<\/div>\n\n\n\n<div class=\"wp-block-column mainblockright__text text-mainblockright is-layout-flow wp-block-column-is-layout-flow\">\n<div class=\"wp-block-group text-mainblockright__wrapper\"><div class=\"wp-block-group__inner-container is-layout-constrained wp-block-group-is-layout-constrained\">\n<h2 class=\"wp-block-heading text-mainblockleft__title headline4\" style=\"text-transform:uppercase\">Aktivnosti na moru<\/h2>\n\n\n\n<span class=\"hr\"><\/span>\n\n\n\n<p class=\"text-mainblockright__description body1\">Na pla\u017ei postoji mogu\u0107nost najma jedinstvene i kvalitetne opreme za vodene sportove kao \u0161to su SUP, fliteboard, seabow i elektri\u010dna daska za surfanje. Va\u0161 \u0107e odmor na pla\u017ei u\u010diniti aktivnim i nezaboravnim. Prikladno za odrasle i djecu (minimalna dob \u2013 5 godina).<\/p>\n\n\n\n<div class=\"wp-block-buttons text-mainblockleft__buttons is-layout-flex wp-block-buttons-is-layout-flex\">\n<div class=\"wp-block-button is-style-outline text-mainblockleft__button-white button is-style-outline--1\"><a class=\"wp-block-button__link wp-element-button\" href=\"https:\/\/hotelmedistone.com\/hr\/aktivnosti-cijena\/\">Cijena<\/a><\/div>\n\n\n\n<div class=\"wp-block-button text-mainblockleft__button-orange button book-now\"><a class=\"wp-block-button__link wp-element-button\">Rezervirajte sada<\/a><\/div>\n<\/div>\n<\/div><\/div>\n<\/div>\n<\/div>\n<\/div><\/section>\n\n\n\n<section class=\"wp-block-group mainblockright\"><div class=\"wp-block-group__inner-container is-layout-constrained wp-block-group-is-layout-constrained\">\n<div class=\"wp-block-columns is-layout-flex wp-container-core-columns-is-layout-9d6595d7 wp-block-columns-is-layout-flex\">\n<div class=\"wp-block-column mainblockright__text text-mainblockright is-layout-flow wp-block-column-is-layout-flow\">\n<div class=\"wp-block-group text-mainblockright__wrapper\"><div class=\"wp-block-group__inner-container is-layout-constrained wp-block-group-is-layout-constrained\">\n<h2 class=\"wp-block-heading text-mainblockleft__title headline4\">ELEKTRI\u010cNI BICIKL<\/h2>\n\n\n\n<span class=\"hr\"><\/span>\n\n\n\n<p class=\"text-mainblockright__description body1\">Ako vi\u0161e volite otkrivati podru\u010dje, u Medistoneu mo\u017eete iznajmiti i e-bicikle. Samostalno istra\u017eivanje okolice ili obiteljski odlazak u najbli\u017ei grad dobar je na\u010din da provedete vrijeme na neobi\u010dan na\u010din i steknete nova iskustva.<\/p>\n\n\n\n<div class=\"wp-block-buttons text-mainblockleft__buttons is-layout-flex wp-block-buttons-is-layout-flex\">\n<div class=\"wp-block-button is-style-outline text-mainblockleft__button-white button is-style-outline--2\"><a class=\"wp-block-button__link wp-element-button\" href=\"https:\/\/hotelmedistone.com\/hr\/aktivnosti-cijena\/\">Cijena<\/a><\/div>\n\n\n\n<div class=\"wp-block-button text-mainblockleft__button-orange button\"><a class=\"wp-block-button__link wp-element-button\">Rezervirajte sada<\/a><\/div>\n<\/div>\n<\/div><\/div>\n<\/div>\n\n\n\n<div class=\"wp-block-column mainblockright__img is-layout-flow wp-block-column-is-layout-flow\">\n<figure class=\"wp-block-image size-full\"><img loading=\"lazy\" decoding=\"async\" width=\"960\" height=\"550\" src=\"https:\/\/hotelmedistone.com\/wp-content\/uploads\/2023\/04\/activities-img3.png\" alt=\"\" class=\"wp-image-2135\" srcset=\"https:\/\/hotelmedistone.com\/wp-content\/uploads\/2023\/04\/activities-img3.png 960w, https:\/\/hotelmedistone.com\/wp-content\/uploads\/2023\/04\/activities-img3-300x172.png 300w, https:\/\/hotelmedistone.com\/wp-content\/uploads\/2023\/04\/activities-img3-768x440.png 768w\" sizes=\"auto, (max-width: 960px) 100vw, 960px\" \/><\/figure>\n<\/div>\n<\/div>\n<\/div><\/section>\n","protected":false},"excerpt":{"rendered":"<p>TERETANA Na\u0161 fitness centar opremljen je svime \u0161to vam mo\u017ee zatrebati za funkcionalni trening s Technogym opremom. U ponudi su staza za tr\u010danje, bicikl, steper, bu\u010dice, multifunkcionalna sprava i ostala oprema. Tako\u0111er mo\u017eete preuzeti aplikaciju Technogym i raditi profesionalne vje\u017ebe. Aktivnosti na moru Na pla\u017ei postoji mogu\u0107nost najma jedinstvene i kvalitetne opreme za vodene sportove [&hellip;]<\/p>\n","protected":false},"author":1,"featured_media":0,"parent":0,"menu_order":0,"comment_status":"closed","ping_status":"closed","template":"","meta":{"_acf_changed":false,"inline_featured_image":false,"footnotes":""},"class_list":["post-1543","page","type-page","status-publish","hentry"],"acf":[],"yoast_head":"<!-- This site is optimized with the Yoast SEO plugin v25.2 - https:\/\/yoast.com\/wordpress\/plugins\/seo\/ -->\n<title>Aktivnosti - Medistone<\/title>\n<meta name=\"robots\" content=\"index, follow, max-snippet:-1, max-image-preview:large, max-video-preview:-1\" \/>\n<link rel=\"canonical\" href=\"https:\/\/hotelmedistone.com\/hr\/aktivnosti\/\" \/>\n<meta property=\"og:locale\" content=\"hr_HR\" \/>\n<meta property=\"og:type\" content=\"article\" \/>\n<meta property=\"og:title\" content=\"Aktivnosti - Medistone\" \/>\n<meta property=\"og:description\" content=\"TERETANA Na\u0161 fitness centar opremljen je svime \u0161to vam mo\u017ee zatrebati za funkcionalni trening s Technogym opremom. U ponudi su staza za tr\u010danje, bicikl, steper, bu\u010dice, multifunkcionalna sprava i ostala oprema. Tako\u0111er mo\u017eete preuzeti aplikaciju Technogym i raditi profesionalne vje\u017ebe. Aktivnosti na moru Na pla\u017ei postoji mogu\u0107nost najma jedinstvene i kvalitetne opreme za vodene sportove [&hellip;]\" \/>\n<meta property=\"og:url\" content=\"https:\/\/hotelmedistone.com\/hr\/aktivnosti\/\" \/>\n<meta property=\"og:site_name\" content=\"Medistone\" \/>\n<meta property=\"article:publisher\" content=\"https:\/\/www.facebook.com\/HotelMedistone\" \/>\n<meta property=\"article:modified_time\" content=\"2023-04-18T04:38:37+00:00\" \/>\n<meta property=\"og:image\" content=\"https:\/\/hotelmedistone.com\/wp-content\/uploads\/2023\/04\/activities-banner.png\" \/>\n<meta name=\"twitter:card\" content=\"summary_large_image\" \/>\n<meta name=\"twitter:label1\" content=\"Procijenjeno vrijeme \u010ditanja\" \/>\n\t<meta name=\"twitter:data1\" content=\"3 minute\" \/>\n<script type=\"application\/ld+json\" class=\"yoast-schema-graph\">{\"@context\":\"https:\/\/schema.org\",\"@graph\":[{\"@type\":\"WebPage\",\"@id\":\"https:\/\/hotelmedistone.com\/hr\/aktivnosti\/\",\"url\":\"https:\/\/hotelmedistone.com\/hr\/aktivnosti\/\",\"name\":\"Aktivnosti - Medistone\",\"isPartOf\":{\"@id\":\"https:\/\/hotelmedistone.com\/hr\/#website\"},\"primaryImageOfPage\":{\"@id\":\"https:\/\/hotelmedistone.com\/hr\/aktivnosti\/#primaryimage\"},\"image\":{\"@id\":\"https:\/\/hotelmedistone.com\/hr\/aktivnosti\/#primaryimage\"},\"thumbnailUrl\":\"https:\/\/hotelmedistone.com\/wp-content\/uploads\/2023\/04\/activities-banner.png\",\"datePublished\":\"2023-03-07T12:14:25+00:00\",\"dateModified\":\"2023-04-18T04:38:37+00:00\",\"breadcrumb\":{\"@id\":\"https:\/\/hotelmedistone.com\/hr\/aktivnosti\/#breadcrumb\"},\"inLanguage\":\"hr\",\"potentialAction\":[{\"@type\":\"ReadAction\",\"target\":[\"https:\/\/hotelmedistone.com\/hr\/aktivnosti\/\"]}]},{\"@type\":\"ImageObject\",\"inLanguage\":\"hr\",\"@id\":\"https:\/\/hotelmedistone.com\/hr\/aktivnosti\/#primaryimage\",\"url\":\"https:\/\/hotelmedistone.com\/wp-content\/uploads\/2023\/04\/activities-banner.png\",\"contentUrl\":\"https:\/\/hotelmedistone.com\/wp-content\/uploads\/2023\/04\/activities-banner.png\"},{\"@type\":\"BreadcrumbList\",\"@id\":\"https:\/\/hotelmedistone.com\/hr\/aktivnosti\/#breadcrumb\",\"itemListElement\":[{\"@type\":\"ListItem\",\"position\":1,\"name\":\"Home\",\"item\":\"https:\/\/hotelmedistone.com\/hr\/\"},{\"@type\":\"ListItem\",\"position\":2,\"name\":\"Aktivnosti\"}]},{\"@type\":\"WebSite\",\"@id\":\"https:\/\/hotelmedistone.com\/hr\/#website\",\"url\":\"https:\/\/hotelmedistone.com\/hr\/\",\"name\":\"Medistone\",\"description\":\"\",\"publisher\":{\"@id\":\"https:\/\/hotelmedistone.com\/hr\/#organization\"},\"potentialAction\":[{\"@type\":\"SearchAction\",\"target\":{\"@type\":\"EntryPoint\",\"urlTemplate\":\"https:\/\/hotelmedistone.com\/hr\/?s={search_term_string}\"},\"query-input\":{\"@type\":\"PropertyValueSpecification\",\"valueRequired\":true,\"valueName\":\"search_term_string\"}}],\"inLanguage\":\"hr\"},{\"@type\":\"Organization\",\"@id\":\"https:\/\/hotelmedistone.com\/hr\/#organization\",\"name\":\"Medistone\",\"url\":\"https:\/\/hotelmedistone.com\/hr\/\",\"logo\":{\"@type\":\"ImageObject\",\"inLanguage\":\"hr\",\"@id\":\"https:\/\/hotelmedistone.com\/hr\/#\/schema\/logo\/image\/\",\"url\":\"https:\/\/hotelmedistone.com\/wp-content\/uploads\/2023\/04\/logo-banner.svg\",\"contentUrl\":\"https:\/\/hotelmedistone.com\/wp-content\/uploads\/2023\/04\/logo-banner.svg\",\"width\":831,\"height\":147,\"caption\":\"Medistone\"},\"image\":{\"@id\":\"https:\/\/hotelmedistone.com\/hr\/#\/schema\/logo\/image\/\"},\"sameAs\":[\"https:\/\/www.facebook.com\/HotelMedistone\",\"https:\/\/www.instagram.com\/hotel.medistone\/\"]}]}<\/script>\n<!-- \/ Yoast SEO plugin. -->","yoast_head_json":{"title":"Aktivnosti - Medistone","robots":{"index":"index","follow":"follow","max-snippet":"max-snippet:-1","max-image-preview":"max-image-preview:large","max-video-preview":"max-video-preview:-1"},"canonical":"https:\/\/hotelmedistone.com\/hr\/aktivnosti\/","og_locale":"hr_HR","og_type":"article","og_title":"Aktivnosti - Medistone","og_description":"TERETANA Na\u0161 fitness centar opremljen je svime \u0161to vam mo\u017ee zatrebati za funkcionalni trening s Technogym opremom. U ponudi su staza za tr\u010danje, bicikl, steper, bu\u010dice, multifunkcionalna sprava i ostala oprema. Tako\u0111er mo\u017eete preuzeti aplikaciju Technogym i raditi profesionalne vje\u017ebe. Aktivnosti na moru Na pla\u017ei postoji mogu\u0107nost najma jedinstvene i kvalitetne opreme za vodene sportove [&hellip;]","og_url":"https:\/\/hotelmedistone.com\/hr\/aktivnosti\/","og_site_name":"Medistone","article_publisher":"https:\/\/www.facebook.com\/HotelMedistone","article_modified_time":"2023-04-18T04:38:37+00:00","og_image":[{"url":"https:\/\/hotelmedistone.com\/wp-content\/uploads\/2023\/04\/activities-banner.png","type":"","width":"","height":""}],"twitter_card":"summary_large_image","twitter_misc":{"Procijenjeno vrijeme \u010ditanja":"3 minute"},"schema":{"@context":"https:\/\/schema.org","@graph":[{"@type":"WebPage","@id":"https:\/\/hotelmedistone.com\/hr\/aktivnosti\/","url":"https:\/\/hotelmedistone.com\/hr\/aktivnosti\/","name":"Aktivnosti - Medistone","isPartOf":{"@id":"https:\/\/hotelmedistone.com\/hr\/#website"},"primaryImageOfPage":{"@id":"https:\/\/hotelmedistone.com\/hr\/aktivnosti\/#primaryimage"},"image":{"@id":"https:\/\/hotelmedistone.com\/hr\/aktivnosti\/#primaryimage"},"thumbnailUrl":"https:\/\/hotelmedistone.com\/wp-content\/uploads\/2023\/04\/activities-banner.png","datePublished":"2023-03-07T12:14:25+00:00","dateModified":"2023-04-18T04:38:37+00:00","breadcrumb":{"@id":"https:\/\/hotelmedistone.com\/hr\/aktivnosti\/#breadcrumb"},"inLanguage":"hr","potentialAction":[{"@type":"ReadAction","target":["https:\/\/hotelmedistone.com\/hr\/aktivnosti\/"]}]},{"@type":"ImageObject","inLanguage":"hr","@id":"https:\/\/hotelmedistone.com\/hr\/aktivnosti\/#primaryimage","url":"https:\/\/hotelmedistone.com\/wp-content\/uploads\/2023\/04\/activities-banner.png","contentUrl":"https:\/\/hotelmedistone.com\/wp-content\/uploads\/2023\/04\/activities-banner.png"},{"@type":"BreadcrumbList","@id":"https:\/\/hotelmedistone.com\/hr\/aktivnosti\/#breadcrumb","itemListElement":[{"@type":"ListItem","position":1,"name":"Home","item":"https:\/\/hotelmedistone.com\/hr\/"},{"@type":"ListItem","position":2,"name":"Aktivnosti"}]},{"@type":"WebSite","@id":"https:\/\/hotelmedistone.com\/hr\/#website","url":"https:\/\/hotelmedistone.com\/hr\/","name":"Medistone","description":"","publisher":{"@id":"https:\/\/hotelmedistone.com\/hr\/#organization"},"potentialAction":[{"@type":"SearchAction","target":{"@type":"EntryPoint","urlTemplate":"https:\/\/hotelmedistone.com\/hr\/?s={search_term_string}"},"query-input":{"@type":"PropertyValueSpecification","valueRequired":true,"valueName":"search_term_string"}}],"inLanguage":"hr"},{"@type":"Organization","@id":"https:\/\/hotelmedistone.com\/hr\/#organization","name":"Medistone","url":"https:\/\/hotelmedistone.com\/hr\/","logo":{"@type":"ImageObject","inLanguage":"hr","@id":"https:\/\/hotelmedistone.com\/hr\/#\/schema\/logo\/image\/","url":"https:\/\/hotelmedistone.com\/wp-content\/uploads\/2023\/04\/logo-banner.svg","contentUrl":"https:\/\/hotelmedistone.com\/wp-content\/uploads\/2023\/04\/logo-banner.svg","width":831,"height":147,"caption":"Medistone"},"image":{"@id":"https:\/\/hotelmedistone.com\/hr\/#\/schema\/logo\/image\/"},"sameAs":["https:\/\/www.facebook.com\/HotelMedistone","https:\/\/www.instagram.com\/hotel.medistone\/"]}]}},"_links":{"self":[{"href":"https:\/\/hotelmedistone.com\/hr\/wp-json\/wp\/v2\/pages\/1543","targetHints":{"allow":["GET"]}}],"collection":[{"href":"https:\/\/hotelmedistone.com\/hr\/wp-json\/wp\/v2\/pages"}],"about":[{"href":"https:\/\/hotelmedistone.com\/hr\/wp-json\/wp\/v2\/types\/page"}],"author":[{"embeddable":true,"href":"https:\/\/hotelmedistone.com\/hr\/wp-json\/wp\/v2\/users\/1"}],"replies":[{"embeddable":true,"href":"https:\/\/hotelmedistone.com\/hr\/wp-json\/wp\/v2\/comments?post=1543"}],"version-history":[{"count":3,"href":"https:\/\/hotelmedistone.com\/hr\/wp-json\/wp\/v2\/pages\/1543\/revisions"}],"predecessor-version":[{"id":2142,"href":"https:\/\/hotelmedistone.com\/hr\/wp-json\/wp\/v2\/pages\/1543\/revisions\/2142"}],"wp:attachment":[{"href":"https:\/\/hotelmedistone.com\/hr\/wp-json\/wp\/v2\/media?parent=1543"}],"curies":[{"name":"wp","href":"https:\/\/api.w.org\/{rel}","templated":true}]}}